{"id":249,"date":"2024-02-20T12:48:38","date_gmt":"2024-02-20T12:48:38","guid":{"rendered":"https:\/\/www.neuwirth-holz.at\/?page_id=249"},"modified":"2024-02-20T14:18:16","modified_gmt":"2024-02-20T14:18:16","slug":"rohstoffe","status":"publish","type":"page","link":"https:\/\/www.neuwirth-holz.at\/?page_id=249","title":{"rendered":"Rohstoffe"},"content":{"rendered":"\n<figure class=\"wp-block-table\"><table><tbody><tr><td>Rundholzversorgung: Das im Umkreis von 30 km, haupts\u00e4chlich in den Wintermonaten eingekaufte Rundholz wird von uns im Wald besichtigt. Das Rundholz stammt aus PEFC zertifizierten W\u00e4ldern mit nachhaltiger Forstwirtschaft. Bundesforste, Landesforste, private Forstbetriebe und Waldbauern z\u00e4hlen zu unseren Lieferanten.<br><br>Gro\u00dfteils werden 12 m lange und kleinere Mengen 9 m lange St\u00e4mme, generell ohne Stammbloche f\u00fcr die Bauholzproduktion eingekauft.<br><br>Stammbloche sind oftmals durch ihren unruhigen Wuchs (Kr\u00fcmmung, Wurzelanlauf, Buchs und Sch\u00e4den durch Wildverbiss) nicht zur Bauholzproduktion geeignet.<\/td><\/tr><\/tbody><\/table><\/figure>\n\n\n\n<figure class=\"wp-block-gallery has-nested-images columns-default is-cropped wp-block-gallery-1 is-layout-flex wp-block-gallery-is-layout-flex\">\n<figure class=\"wp-block-image size-large\"><img loading=\"lazy\" decoding=\"async\" width=\"1024\" height=\"768\" data-id=\"251\" src=\"https:\/\/www.neuwirth-holz.at\/wp-content\/uploads\/2024\/02\/Rundholz-Dezember-2009-005-1024x768.jpg\" alt=\"\" class=\"wp-image-251\" srcset=\"https:\/\/www.neuwirth-holz.at\/wp-content\/uploads\/2024\/02\/Rundholz-Dezember-2009-005-1024x768.jpg 1024w, https:\/\/www.neuwirth-holz.at\/wp-content\/uploads\/2024\/02\/Rundholz-Dezember-2009-005-300x225.jpg 300w, https:\/\/www.neuwirth-holz.at\/wp-content\/uploads\/2024\/02\/Rundholz-Dezember-2009-005-768x576.jpg 768w, https:\/\/www.neuwirth-holz.at\/wp-content\/uploads\/2024\/02\/Rundholz-Dezember-2009-005-1536x1152.jpg 1536w, https:\/\/www.neuwirth-holz.at\/wp-content\/uploads\/2024\/02\/Rundholz-Dezember-2009-005-1568x1176.jpg 1568w, https:\/\/www.neuwirth-holz.at\/wp-content\/uploads\/2024\/02\/Rundholz-Dezember-2009-005.jpg 2048w\" sizes=\"(max-width: 1024px) 100vw, 1024px\" \/><\/figure>\n\n\n\n<figure class=\"wp-block-image size-large\"><img loading=\"lazy\" decoding=\"async\" width=\"768\" height=\"1024\" data-id=\"252\" src=\"https:\/\/www.neuwirth-holz.at\/wp-content\/uploads\/2024\/02\/Rundholz-Dezember-2009-006-768x1024.jpg\" alt=\"\" class=\"wp-image-252\" srcset=\"https:\/\/www.neuwirth-holz.at\/wp-content\/uploads\/2024\/02\/Rundholz-Dezember-2009-006-768x1024.jpg 768w, https:\/\/www.neuwirth-holz.at\/wp-content\/uploads\/2024\/02\/Rundholz-Dezember-2009-006-225x300.jpg 225w, https:\/\/www.neuwirth-holz.at\/wp-content\/uploads\/2024\/02\/Rundholz-Dezember-2009-006-1152x1536.jpg 1152w, https:\/\/www.neuwirth-holz.at\/wp-content\/uploads\/2024\/02\/Rundholz-Dezember-2009-006.jpg 1536w\" sizes=\"(max-width: 768px) 100vw, 768px\" \/><\/figure>\n\n\n\n<figure class=\"wp-block-image size-large\"><img loading=\"lazy\" decoding=\"async\" width=\"1024\" height=\"768\" data-id=\"250\" src=\"https:\/\/www.neuwirth-holz.at\/wp-content\/uploads\/2024\/02\/Rundholz-Dezember-2009-024-1024x768.jpg\" alt=\"\" class=\"wp-image-250\" srcset=\"https:\/\/www.neuwirth-holz.at\/wp-content\/uploads\/2024\/02\/Rundholz-Dezember-2009-024-1024x768.jpg 1024w, https:\/\/www.neuwirth-holz.at\/wp-content\/uploads\/2024\/02\/Rundholz-Dezember-2009-024-300x225.jpg 300w, https:\/\/www.neuwirth-holz.at\/wp-content\/uploads\/2024\/02\/Rundholz-Dezember-2009-024-768x576.jpg 768w, https:\/\/www.neuwirth-holz.at\/wp-content\/uploads\/2024\/02\/Rundholz-Dezember-2009-024-1536x1152.jpg 1536w, https:\/\/www.neuwirth-holz.at\/wp-content\/uploads\/2024\/02\/Rundholz-Dezember-2009-024-1568x1176.jpg 1568w, https:\/\/www.neuwirth-holz.at\/wp-content\/uploads\/2024\/02\/Rundholz-Dezember-2009-024.jpg 2048w\" sizes=\"(max-width: 1024px) 100vw, 1024px\" \/><\/figure>\n<\/figure>\n","protected":false},"excerpt":{"rendered":"<p>Rundholzversorgung: Das im Umkreis von 30 km, haupts\u00e4chlich in den Wintermonaten eingekaufte Rundholz wird von uns im Wald besichtigt. Das Rundholz stammt aus PEFC zertifizierten W\u00e4ldern mit nachhaltiger Forstwirtschaft. Bundesforste, Landesforste, private Forstbetriebe und Waldbauern z\u00e4hlen zu unseren Lieferanten. Gro\u00dfteils werden 12 m lange und kleinere Mengen 9 m lange St\u00e4mme, generell ohne Stammbloche f\u00fcr&hellip; <a class=\"more-link\" href=\"https:\/\/www.neuwirth-holz.at\/?page_id=249\"><span class=\"screen-reader-text\">Rohstoffe<\/span> weiterlesen<\/a><\/p>\n","protected":false},"author":1,"featured_media":0,"parent":0,"menu_order":0,"comment_status":"closed","ping_status":"closed","template":"","meta":{"footnotes":""},"_links":{"self":[{"href":"https:\/\/www.neuwirth-holz.at\/index.php?rest_route=\/wp\/v2\/pages\/249"}],"collection":[{"href":"https:\/\/www.neuwirth-holz.at\/index.php?rest_route=\/wp\/v2\/pages"}],"about":[{"href":"https:\/\/www.neuwirth-holz.at\/index.php?rest_route=\/wp\/v2\/types\/page"}],"author":[{"embeddable":true,"href":"https:\/\/www.neuwirth-holz.at\/index.php?rest_route=\/wp\/v2\/users\/1"}],"replies":[{"embeddable":true,"href":"https:\/\/www.neuwirth-holz.at\/index.php?rest_route=%2Fwp%2Fv2%2Fcomments&post=249"}],"version-history":[{"count":1,"href":"https:\/\/www.neuwirth-holz.at\/index.php?rest_route=\/wp\/v2\/pages\/249\/revisions"}],"predecessor-version":[{"id":253,"href":"https:\/\/www.neuwirth-holz.at\/index.php?rest_route=\/wp\/v2\/pages\/249\/revisions\/253"}],"wp:attachment":[{"href":"https:\/\/www.neuwirth-holz.at\/index.php?rest_route=%2Fwp%2Fv2%2Fmedia&parent=249"}],"curies":[{"name":"wp","href":"https:\/\/api.w.org\/{rel}","templated":true}]}}