{"id":40,"date":"2023-05-01T16:33:10","date_gmt":"2023-05-01T16:33:10","guid":{"rendered":"https:\/\/www.neuwirth-holz.at\/?page_id=40"},"modified":"2024-02-20T14:16:47","modified_gmt":"2024-02-20T14:16:47","slug":"startseite-2","status":"publish","type":"page","link":"https:\/\/www.neuwirth-holz.at\/","title":{"rendered":"Unser Betrieb"},"content":{"rendered":"\n<p><mark style=\"background-color:#D1E4DD\" class=\"has-inline-color has-black-color\"><strong>Holz aus der Region, erh\u00e4lt die Region.<\/strong><\/mark><\/p>\n\n\n\n<figure class=\"wp-block-image size-full\"><img loading=\"lazy\" decoding=\"async\" width=\"600\" height=\"374\" src=\"https:\/\/www.neuwirth-holz.at\/wp-content\/uploads\/2023\/05\/home3.jpg\" alt=\"\" class=\"wp-image-54\" srcset=\"https:\/\/www.neuwirth-holz.at\/wp-content\/uploads\/2023\/05\/home3.jpg 600w, https:\/\/www.neuwirth-holz.at\/wp-content\/uploads\/2023\/05\/home3-300x187.jpg 300w\" sizes=\"(max-width: 600px) 100vw, 600px\" \/><\/figure>\n\n\n\n<p class=\"has-text-align-left has-normal-font-size\">Am Fu\u00dfe des Hengstpass in 720 m Seeh\u00f6he, am Rande des Nationalparks Kalkalpen gelegen, befindet sich unser kleiner Familienbetrieb. <\/p>\n\n\n\n<p class=\"has-text-align-left has-normal-font-size\">Unser S\u00e4gewerk wird in dritter Generation durch <br>Willibald Neuwirth jun. geleitet.<\/p>\n\n\n\n<p><\/p>\n\n\n\n<p><\/p>\n\n\n\n<h2 class=\"wp-block-heading has-text-align-left\">Chronik<\/h2>\n\n\n\n<p><strong>1951: <\/strong>Errichtung des ersten S\u00e4gewerks mit Seitengatter <br>(Standort Abzweigung Innerrosenau) durch Neuwirth Robert<\/p>\n\n\n\n<figure class=\"wp-block-image size-large\"><img loading=\"lazy\" decoding=\"async\" width=\"567\" height=\"381\" src=\"https:\/\/www.neuwirth-holz.at\/wp-content\/uploads\/2024\/02\/h1.jpg\" alt=\"\" class=\"wp-image-227\" srcset=\"https:\/\/www.neuwirth-holz.at\/wp-content\/uploads\/2024\/02\/h1.jpg 567w, https:\/\/www.neuwirth-holz.at\/wp-content\/uploads\/2024\/02\/h1-300x202.jpg 300w\" sizes=\"(max-width: 567px) 100vw, 567px\" \/><\/figure>\n\n\n\n<p><strong>1960: <\/strong>Baubeginn eines S\u00e4gewerks am jetzigen Standort Rosenau (Dirngrabnerweg 1)<\/p>\n\n\n\n<p><strong>1963: <\/strong>Ankauf eines gebrauchten Vollgatters (Topham)<\/p>\n\n\n\n<figure class=\"wp-block-gallery has-nested-images columns-default is-cropped wp-block-gallery-1 is-layout-flex wp-block-gallery-is-layout-flex\">\n<figure class=\"wp-block-image size-large\"><img loading=\"lazy\" decoding=\"async\" width=\"492\" height=\"500\" data-id=\"234\" src=\"https:\/\/www.neuwirth-holz.at\/wp-content\/uploads\/2024\/02\/h3-2.jpg\" alt=\"\" class=\"wp-image-234\" srcset=\"https:\/\/www.neuwirth-holz.at\/wp-content\/uploads\/2024\/02\/h3-2.jpg 492w, https:\/\/www.neuwirth-holz.at\/wp-content\/uploads\/2024\/02\/h3-2-295x300.jpg 295w\" sizes=\"(max-width: 492px) 100vw, 492px\" \/><\/figure>\n\n\n\n<figure class=\"wp-block-image size-large\"><img loading=\"lazy\" decoding=\"async\" width=\"700\" height=\"471\" data-id=\"235\" src=\"https:\/\/www.neuwirth-holz.at\/wp-content\/uploads\/2024\/02\/h4-1.jpg\" alt=\"\" class=\"wp-image-235\" srcset=\"https:\/\/www.neuwirth-holz.at\/wp-content\/uploads\/2024\/02\/h4-1.jpg 700w, https:\/\/www.neuwirth-holz.at\/wp-content\/uploads\/2024\/02\/h4-1-300x202.jpg 300w\" sizes=\"(max-width: 700px) 100vw, 700px\" \/><\/figure>\n<\/figure>\n\n\n\n<p><strong>1971:<\/strong> \u00dcbernahme des Betriebes durch Willibald Neuwirth senior<\/p>\n\n\n\n<figure class=\"wp-block-image size-full\"><img loading=\"lazy\" decoding=\"async\" width=\"505\" height=\"500\" src=\"https:\/\/www.neuwirth-holz.at\/wp-content\/uploads\/2024\/02\/h2-1.jpg\" alt=\"\" class=\"wp-image-239\" srcset=\"https:\/\/www.neuwirth-holz.at\/wp-content\/uploads\/2024\/02\/h2-1.jpg 505w, https:\/\/www.neuwirth-holz.at\/wp-content\/uploads\/2024\/02\/h2-1-300x297.jpg 300w, https:\/\/www.neuwirth-holz.at\/wp-content\/uploads\/2024\/02\/h2-1-150x150.jpg 150w\" sizes=\"(max-width: 505px) 100vw, 505px\" \/><\/figure>\n\n\n\n<p><strong>1977: <\/strong>Einbau eines neuen Esterer Gatters<\/p>\n\n\n\n<p><strong>1992: <\/strong>Wurde die erste 4-Seiten Hobelmaschine Weinig angeschafft<\/p>\n\n\n\n<p><strong>1994:<\/strong> \u00dcbernahme des Betriebes durch Willibald Neuwirth jun<\/p>\n\n\n\n<p><strong>1994:<\/strong> Errichtung einer Entrindungsanlage<\/p>\n\n\n\n<p><strong>1995:<\/strong> Errichtung einer Schnittholz-Lagerhalle<\/p>\n\n\n\n<p><strong>1996: <\/strong>Bau einer Hackgutfeuerung und einer Holztrocknungsanlage (Vanicek)<\/p>\n\n\n\n<p><strong>1999:<\/strong> Austausch der gebrauchten Hobelmaschine durch neuen Hobel- und Kehlautomaten Weinig Unimat 23 E mit 6 Spindeln.<\/p>\n\n\n\n<p><strong>2004: <\/strong>Umbau und Mechanisierung der S\u00e4ge, Einbau eines Hackers ( Fa. Mayrhofer) und Errichtung der Restholz-Lagerhalle<\/p>\n\n\n\n<figure class=\"wp-block-image size-full\"><img loading=\"lazy\" decoding=\"async\" width=\"2560\" height=\"1920\" src=\"https:\/\/www.neuwirth-holz.at\/wp-content\/uploads\/2024\/02\/DSCN3214-scaled.jpg\" alt=\"\" class=\"wp-image-233\" srcset=\"https:\/\/www.neuwirth-holz.at\/wp-content\/uploads\/2024\/02\/DSCN3214-scaled.jpg 2560w, https:\/\/www.neuwirth-holz.at\/wp-content\/uploads\/2024\/02\/DSCN3214-300x225.jpg 300w, https:\/\/www.neuwirth-holz.at\/wp-content\/uploads\/2024\/02\/DSCN3214-1024x768.jpg 1024w, https:\/\/www.neuwirth-holz.at\/wp-content\/uploads\/2024\/02\/DSCN3214-768x576.jpg 768w, https:\/\/www.neuwirth-holz.at\/wp-content\/uploads\/2024\/02\/DSCN3214-1536x1152.jpg 1536w, https:\/\/www.neuwirth-holz.at\/wp-content\/uploads\/2024\/02\/DSCN3214-2048x1536.jpg 2048w, https:\/\/www.neuwirth-holz.at\/wp-content\/uploads\/2024\/02\/DSCN3214-1568x1176.jpg 1568w\" sizes=\"(max-width: 2560px) 100vw, 2560px\" \/><\/figure>\n","protected":false},"excerpt":{"rendered":"<p>Holz aus der Region, erh\u00e4lt die Region. Am Fu\u00dfe des Hengstpass in 720 m Seeh\u00f6he, am Rande des Nationalparks Kalkalpen gelegen, befindet sich unser kleiner Familienbetrieb. Unser S\u00e4gewerk wird in dritter Generation durch Willibald Neuwirth jun. geleitet. Chronik 1951: Errichtung des ersten S\u00e4gewerks mit Seitengatter (Standort Abzweigung Innerrosenau) durch Neuwirth Robert 1960: Baubeginn eines S\u00e4gewerks&hellip; <a class=\"more-link\" href=\"https:\/\/www.neuwirth-holz.at\/\"><span class=\"screen-reader-text\">Unser Betrieb<\/span> weiterlesen<\/a><\/p>\n","protected":false},"author":1,"featured_media":0,"parent":0,"menu_order":0,"comment_status":"closed","ping_status":"closed","template":"","meta":{"footnotes":""},"_links":{"self":[{"href":"https:\/\/www.neuwirth-holz.at\/index.php?rest_route=\/wp\/v2\/pages\/40"}],"collection":[{"href":"https:\/\/www.neuwirth-holz.at\/index.php?rest_route=\/wp\/v2\/pages"}],"about":[{"href":"https:\/\/www.neuwirth-holz.at\/index.php?rest_route=\/wp\/v2\/types\/page"}],"author":[{"embeddable":true,"href":"https:\/\/www.neuwirth-holz.at\/index.php?rest_route=\/wp\/v2\/users\/1"}],"replies":[{"embeddable":true,"href":"https:\/\/www.neuwirth-holz.at\/index.php?rest_route=%2Fwp%2Fv2%2Fcomments&post=40"}],"version-history":[{"count":12,"href":"https:\/\/www.neuwirth-holz.at\/index.php?rest_route=\/wp\/v2\/pages\/40\/revisions"}],"predecessor-version":[{"id":648,"href":"https:\/\/www.neuwirth-holz.at\/index.php?rest_route=\/wp\/v2\/pages\/40\/revisions\/648"}],"wp:attachment":[{"href":"https:\/\/www.neuwirth-holz.at\/index.php?rest_route=%2Fwp%2Fv2%2Fmedia&parent=40"}],"curies":[{"name":"wp","href":"https:\/\/api.w.org\/{rel}","templated":true}]}}