{"id":79,"date":"2023-05-01T17:35:22","date_gmt":"2023-05-01T17:35:22","guid":{"rendered":"https:\/\/www.neuwirth-holz.at\/?page_id=79"},"modified":"2024-03-01T21:52:13","modified_gmt":"2024-03-01T21:52:13","slug":"projekte-2","status":"publish","type":"page","link":"https:\/\/www.neuwirth-holz.at\/?page_id=79","title":{"rendered":"Projekte"},"content":{"rendered":"\n<p>Unsere Projekte sind weitreichend und unterschiedlich, wie auch die W\u00fcnsche unserer KundInnen. Einen Auszug daraus stellen wir hier zum Schm\u00f6kern bereit. F\u00fcr eine individuelle Anfrage bitte einfach Kontakt aufnehmen.<\/p>\n\n\n\n<ul>\n<li><a href=\"https:\/\/www.neuwirth-holz.at\/?page_id=6\">Aussenschalungen \/ Fassaden<\/a><\/li>\n\n\n\n<li><a href=\"https:\/\/www.neuwirth-holz.at\/?page_id=135\">Br\u00fccken<\/a><\/li>\n\n\n\n<li><a href=\"https:\/\/www.neuwirth-holz.at\/?page_id=326\">Carports<\/a><\/li>\n\n\n\n<li><a href=\"https:\/\/www.neuwirth-holz.at\/?page_id=7\">Hochbeete und Kr\u00e4uterschnecken<\/a><\/li>\n\n\n\n<li><a href=\"https:\/\/www.neuwirth-holz.at\/?page_id=81\">Holzriegelbauten<\/a><\/li>\n\n\n\n<li><a href=\"https:\/\/www.neuwirth-holz.at\/?page_id=396\">H\u00fctten &amp; Holzbauten<\/a><\/li>\n\n\n\n<li><a href=\"https:\/\/www.neuwirth-holz.at\/?page_id=424\">Z\u00e4une &amp; Sichtschutz<\/a><\/li>\n\n\n\n<li><a href=\"https:\/\/www.neuwirth-holz.at\/?page_id=130\" target=\"_blank\" rel=\"noreferrer noopener\">Dekorationen &amp; M\u00f6bel<\/a><\/li>\n\n\n\n<li><a href=\"https:\/\/www.neuwirth-holz.at\/?page_id=440\">Terrassen<\/a><\/li>\n\n\n\n<li><a href=\"https:\/\/www.neuwirth-holz.at\/?page_id=456\">D\u00e4cher &amp; Dachst\u00fchle<\/a><\/li>\n\n\n\n<li><a href=\"https:\/\/www.neuwirth-holz.at\/?page_id=466\">Fu\u00dfboden<\/a><\/li>\n\n\n\n<li><a href=\"https:\/\/www.neuwirth-holz.at\/?page_id=478\">Umrandungen<\/a><\/li>\n\n\n\n<li><a href=\"https:\/\/www.neuwirth-holz.at\/?page_id=624\">Sauna<\/a><\/li>\n<\/ul>\n","protected":false},"excerpt":{"rendered":"<p>Unsere Projekte sind weitreichend und unterschiedlich, wie auch die W\u00fcnsche unserer KundInnen. Einen Auszug daraus stellen wir hier zum Schm\u00f6kern bereit. F\u00fcr eine individuelle Anfrage bitte einfach Kontakt aufnehmen.<\/p>\n","protected":false},"author":1,"featured_media":0,"parent":0,"menu_order":0,"comment_status":"closed","ping_status":"closed","template":"","meta":{"footnotes":""},"_links":{"self":[{"href":"https:\/\/www.neuwirth-holz.at\/index.php?rest_route=\/wp\/v2\/pages\/79"}],"collection":[{"href":"https:\/\/www.neuwirth-holz.at\/index.php?rest_route=\/wp\/v2\/pages"}],"about":[{"href":"https:\/\/www.neuwirth-holz.at\/index.php?rest_route=\/wp\/v2\/types\/page"}],"author":[{"embeddable":true,"href":"https:\/\/www.neuwirth-holz.at\/index.php?rest_route=\/wp\/v2\/users\/1"}],"replies":[{"embeddable":true,"href":"https:\/\/www.neuwirth-holz.at\/index.php?rest_route=%2Fwp%2Fv2%2Fcomments&post=79"}],"version-history":[{"count":14,"href":"https:\/\/www.neuwirth-holz.at\/index.php?rest_route=\/wp\/v2\/pages\/79\/revisions"}],"predecessor-version":[{"id":627,"href":"https:\/\/www.neuwirth-holz.at\/index.php?rest_route=\/wp\/v2\/pages\/79\/revisions\/627"}],"wp:attachment":[{"href":"https:\/\/www.neuwirth-holz.at\/index.php?rest_route=%2Fwp%2Fv2%2Fmedia&parent=79"}],"curies":[{"name":"wp","href":"https:\/\/api.w.org\/{rel}","templated":true}]}}